{"id":15414,"date":"2018-03-11T02:11:19","date_gmt":"2018-03-11T02:11:19","guid":{"rendered":"http:\/\/laliebredemarzo.com\/wp\/?page_id=15414"},"modified":"2020-06-25T22:25:28","modified_gmt":"2020-06-25T22:25:28","slug":"comprar","status":"publish","type":"page","link":"https:\/\/laliebredemarzo.com\/juguetes\/comprar\/","title":{"rendered":"Comprar"},"content":{"rendered":"<p>[et_pb_section fb_built=&#8221;1&#8243; admin_label=&#8221;Workshops and Events Section&#8221; _builder_version=&#8221;3.9&#8243; custom_padding=&#8221;0px||0px|&#8221;][et_pb_row make_fullwidth=&#8221;on&#8221; use_custom_gutter=&#8221;on&#8221; gutter_width=&#8221;0&#8243; custom_padding=&#8221;0px||0px|&#8221; custom_margin=&#8221;|||&#8221; make_equal=&#8221;on&#8221; background_color_2=&#8221;#ffffff&#8221; bg_img_1=&#8221;http:\/\/laliebredemarzo.com\/wp\/wp-content\/uploads\/2018\/06\/miniorista.jpg&#8221; background_repeat_2=&#8221;repeat&#8221; padding_top_2=&#8221;10%&#8221; padding_right_2=&#8221;5%&#8221; padding_bottom_2=&#8221;10%&#8221; padding_left_2=&#8221;5%&#8221; admin_label=&#8221;Studio Membership Area&#8221; _builder_version=&#8221;3.9&#8243; background_color=&#8221;#ffffff&#8221;][et_pb_column type=&#8221;2_3&#8243; _builder_version=&#8221;3.0.47&#8243; bg_img=&#8221;http:\/\/laliebredemarzo.com\/wp\/wp-content\/uploads\/2018\/06\/miniorista.jpg&#8221; parallax=&#8221;off&#8221; parallax_method=&#8221;on&#8221;][et_pb_divider show_divider=&#8221;off&#8221; height=&#8221;400px&#8221; _builder_version=&#8221;3.9&#8243; locked=&#8221;off&#8221;][\/et_pb_divider][\/et_pb_column][et_pb_column type=&#8221;1_3&#8243; _builder_version=&#8221;3.0.47&#8243; padding_bottom=&#8221;10%&#8221; padding_left=&#8221;5%&#8221; padding_right=&#8221;5%&#8221; padding_top=&#8221;10%&#8221; background_color=&#8221;#ffffff&#8221; parallax=&#8221;off&#8221; parallax_method=&#8221;on&#8221; background_repeat=&#8221;repeat&#8221;][et_pb_text admin_label=&#8221;Title&#8221; _builder_version=&#8221;3.15&#8243; header_font=&#8221;||||||||&#8221; header_2_font=&#8221;Poppins|600|||||||&#8221; header_2_font_size=&#8221;36px&#8221; header_2_line_height=&#8221;1.2em&#8221; animation_style=&#8221;fold&#8221; animation_direction=&#8221;left&#8221; animation_intensity_fold=&#8221;10%&#8221; animation_starting_opacity=&#8221;100%&#8221; inline_fonts=&#8221;Montserrat&#8221;]<\/p>\n<h2><strong><span style=\"font-family: Montserrat;\">Compr\u00e1 en nuestra\u00a0<br \/>tienda on line!<\/span><\/strong><\/h2>\n<p>[\/et_pb_text][et_pb_divider color=&#8221;#0dddbe&#8221; divider_position=&#8221;center&#8221; divider_weight=&#8221;3px&#8221; _builder_version=&#8221;3.8&#8243; max_width=&#8221;50px&#8221; module_alignment=&#8221;left&#8221; animation_style=&#8221;slide&#8221; animation_direction=&#8221;top&#8221; animation_intensity_slide=&#8221;10%&#8221; animation_starting_opacity=&#8221;100%&#8221; locked=&#8221;off&#8221;][\/et_pb_divider][et_pb_text _builder_version=&#8221;3.15&#8243; text_font=&#8221;Poppins||||||||&#8221; text_text_color=&#8221;#666666&#8243; text_font_size=&#8221;18px&#8221; text_line_height=&#8221;1.8em&#8221; custom_margin=&#8221;25px|||&#8221; animation_style=&#8221;fold&#8221; animation_direction=&#8221;left&#8221; animation_intensity_fold=&#8221;10%&#8221; animation_starting_opacity=&#8221;100%&#8221; inline_fonts=&#8221;Montserrat&#8221;]<span style=\"font-family: Montserrat;\">Si quer\u00e9s comprar nuestros juguetes en pocas unidades como para vos, hac\u00e9 click\u00a0 ac\u00e1<\/span><br \/>\n[\/et_pb_text][et_pb_button button_url=&#8221;tienda.laliebredemarzo.com&#8221; url_new_window=&#8221;on&#8221; button_text=&#8221;Ir a la tienda!&#8221; _builder_version=&#8221;3.15&#8243; custom_button=&#8221;on&#8221; button_text_size=&#8221;19px&#8221; button_text_color=&#8221;#ffffff&#8221; button_bg_color=&#8221;rgba(13,221,190,0.73)&#8221; button_border_width=&#8221;2px&#8221; button_border_color=&#8221;#ffffff&#8221; button_border_radius=&#8221;24px&#8221; button_letter_spacing=&#8221;2px&#8221; button_font=&#8221;Montserrat|500||on|||||&#8221; button_icon=&#8221;%%114%%&#8221; button_text_color_hover=&#8221;#ffffff&#8221; button_bg_color_hover=&#8221;#ccdddc&#8221; button_border_color_hover=&#8221;#ffffff&#8221; button_letter_spacing_hover=&#8221;6px&#8221; button_text_shadow_style=&#8221;preset1&#8243; button_text_shadow_vertical_length=&#8221;0.13em&#8221; box_shadow_style=&#8221;preset2&#8243; custom_margin=&#8221;54px|||137px&#8221; animation_style=&#8221;fade&#8221; global_module=&#8221;15543&#8243; saved_tabs=&#8221;all&#8221; locked=&#8221;off&#8221;][\/et_pb_button][\/et_pb_column][\/et_pb_row][\/et_pb_section][et_pb_section fb_built=&#8221;1&#8243; use_custom_gutter=&#8221;on&#8221; specialty=&#8221;on&#8221; parallax_method_1=&#8221;off&#8221; parallax_method_2=&#8221;off&#8221; _builder_version=&#8221;3.15&#8243; background_color=&#8221;#005999&#8243; use_background_color_gradient=&#8221;on&#8221; background_color_gradient_start=&#8221;#275ec4&#8243; background_color_gradient_end=&#8221;#72c1c1&#8243; background_image=&#8221;http:\/\/laliebredemarzo.com\/wp\/wp-content\/uploads\/2018\/06\/DSC_4236.jpg&#8221; background_blend=&#8221;luminosity&#8221; custom_padding=&#8221;0px||0px|&#8221; custom_css_main_element=&#8221;height: 100%||  &#8220;][et_pb_column type=&#8221;1_3&#8243; _builder_version=&#8221;3.0.47&#8243; parallax=&#8221;off&#8221; parallax_method=&#8221;off&#8221;][et_pb_image src=&#8221;http:\/\/laliebredemarzo.com\/wp\/wp-content\/uploads\/2018\/03\/02.png&#8221; show_bottom_space=&#8221;off&#8221; align=&#8221;center&#8221; _builder_version=&#8221;3.0.87&#8243; custom_margin=&#8221;90px|||&#8221; animation_style=&#8221;fade&#8221; animation_duration=&#8221;500ms&#8221; animation=&#8221;fade_in&#8221; sticky=&#8221;on&#8221; use_border_color=&#8221;off&#8221; border_color=&#8221;#ffffff&#8221; border_style=&#8221;solid&#8221;][\/et_pb_image][et_pb_text _builder_version=&#8221;3.15&#8243; text_font=&#8221;Source Sans Pro|on|||&#8221; text_text_color=&#8221;#ffffff&#8221; text_font_size=&#8221;24&#8243; background_size=&#8221;initial&#8221; background_position=&#8221;top_left&#8221; background_repeat=&#8221;repeat&#8221; text_orientation=&#8221;center&#8221; module_alignment=&#8221;center&#8221; custom_margin=&#8221;25px||4px|&#8221; use_border_color=&#8221;off&#8221; border_color=&#8221;#ffffff&#8221; border_style=&#8221;solid&#8221;]<\/p>\n<p>0294 4915229<\/p>\n<p>[\/et_pb_text][et_pb_text _builder_version=&#8221;3.0.105&#8243; text_font=&#8221;Source Sans Pro||||&#8221; text_text_color=&#8221;#aaaaaa&#8221; text_font_size=&#8221;18&#8243; background_size=&#8221;initial&#8221; background_position=&#8221;top_left&#8221; background_repeat=&#8221;repeat&#8221; text_orientation=&#8221;center&#8221; module_alignment=&#8221;center&#8221; use_border_color=&#8221;off&#8221; border_color=&#8221;#ffffff&#8221; border_style=&#8221;solid&#8221;]<\/p>\n<p>Llamanos!<\/p>\n<p>[\/et_pb_text][et_pb_image src=&#8221;http:\/\/laliebredemarzo.com\/wp\/wp-content\/uploads\/2018\/03\/03.png&#8221; url=&#8221;https:\/\/www.google.com.ar\/maps\/place\/La+Liebre+de+Marzo+%5BCaba%C3%B1as,+Tienda+De+Regalos+Y+F%C3%A1brica+De+Juguetes%5D\/@-41.0693662,-71.4859831,17z\/data=!3m1!4b1!4m5!3m4!1s0x961a75d0d719da61:0x3dfc5a948b9fc353!8m2!3d-41.0693662!4d-71.4837944?hl=es&#8221; url_new_window=&#8221;on&#8221; show_bottom_space=&#8221;off&#8221; align=&#8221;center&#8221; _builder_version=&#8221;3.0.105&#8243; custom_margin=&#8221;90px|||&#8221; animation_style=&#8221;bounce&#8221; animation_duration=&#8221;500ms&#8221; animation=&#8221;fade_in&#8221; sticky=&#8221;on&#8221; use_border_color=&#8221;off&#8221; border_color=&#8221;#ffffff&#8221; border_style=&#8221;solid&#8221;][\/et_pb_image][et_pb_text _builder_version=&#8221;3.0.105&#8243; text_font=&#8221;Source Sans Pro||||&#8221; text_text_color=&#8221;#ffffff&#8221; text_font_size=&#8221;22px&#8221; text_line_height=&#8221;1.4em&#8221; background_size=&#8221;initial&#8221; background_position=&#8221;top_left&#8221; background_repeat=&#8221;repeat&#8221; text_orientation=&#8221;center&#8221; background_layout=&#8221;dark&#8221; module_alignment=&#8221;center&#8221; custom_margin=&#8221;25px|||&#8221; use_border_color=&#8221;off&#8221; border_color=&#8221;#ffffff&#8221; border_style=&#8221;solid&#8221;]<\/p>\n<p>Ruta prov. 77 Km 18441<br \/>San Carlos de Bariloche<br \/>R\u00edo Negro<br \/>Argentina<\/p>\n<p>[\/et_pb_text][\/et_pb_column][et_pb_column type=&#8221;2_3&#8243; specialty_columns=&#8221;2&#8243; _builder_version=&#8221;3.0.47&#8243; parallax=&#8221;off&#8221; parallax_method=&#8221;off&#8221;][et_pb_row_inner custom_padding=&#8221;132px||120px|&#8221; custom_padding_tablet=&#8221;60px||120px|&#8221; padding_mobile=&#8221;on&#8221; column_padding_mobile=&#8221;on&#8221; custom_padding_last_edited=&#8221;on|tablet&#8221; parallax_method_1=&#8221;off&#8221; admin_label=&#8221;Row&#8221; _builder_version=&#8221;3.0.47&#8243;][et_pb_column_inner type=&#8221;4_4&#8243; saved_specialty_column_type=&#8221;2_3&#8243; _builder_version=&#8221;3.0.47&#8243; column_padding_mobile=&#8221;on&#8221; parallax=&#8221;off&#8221; parallax_method=&#8221;off&#8221;][et_pb_image src=&#8221;http:\/\/laliebredemarzo.com\/wp\/wp-content\/uploads\/2018\/02\/Iso_juguetes.png&#8221; align=&#8221;center&#8221; _builder_version=&#8221;3.8&#8243; max_width=&#8221;27%&#8221; filter_brightness=&#8221;115%&#8221; filter_contrast=&#8221;94%&#8221; filter_opacity=&#8221;94%&#8221;][\/et_pb_image][et_pb_text _builder_version=&#8221;3.15&#8243; text_font=&#8221;||||||||&#8221; text_text_color=&#8221;#ffffff&#8221; text_font_size=&#8221;37px&#8221; text_font_size_tablet=&#8221;38px&#8221; text_font_size_phone=&#8221;26px&#8221; text_font_size_last_edited=&#8221;on|phone&#8221; text_line_height=&#8221;1.8em&#8221; header_font=&#8221;||||||||&#8221; header_line_height=&#8221;1.3em&#8221; background_size=&#8221;initial&#8221; background_position=&#8221;top_left&#8221; background_repeat=&#8221;repeat&#8221; text_orientation=&#8221;center&#8221; module_alignment=&#8221;center&#8221; custom_margin=&#8221;||40px|&#8221; custom_margin_tablet=&#8221;||20px|&#8221; custom_margin_last_edited=&#8221;on|tablet&#8221; use_border_color=&#8221;off&#8221; border_color=&#8221;#ffffff&#8221; border_style=&#8221;solid&#8221;]<\/p>\n<p><span>Si ten\u00e9s una tienda y quer\u00e9s comercializar nuestros juguetes, escribinos para que podamos enviarte toda la informaci\u00f3n sobre ventas mayoristas<\/span><\/p>\n<p>[\/et_pb_text][et_pb_text _builder_version=&#8221;3.8&#8243; text_font=&#8221;Source Sans Pro||||&#8221; text_text_color=&#8221;#ffffff&#8221; text_font_size=&#8221;24&#8243; text_font_size_tablet=&#8221;18&#8243; text_font_size_last_edited=&#8221;on|tablet&#8221; text_line_height=&#8221;1.4em&#8221; text_text_shadow_style=&#8221;preset1&#8243; background_size=&#8221;initial&#8221; background_position=&#8221;top_left&#8221; background_repeat=&#8221;repeat&#8221; text_orientation=&#8221;center&#8221; background_layout=&#8221;dark&#8221; max_width=&#8221;510px&#8221; module_alignment=&#8221;center&#8221; use_border_color=&#8221;off&#8221; border_color=&#8221;#ffffff&#8221; border_style=&#8221;solid&#8221;]<\/p>\n<p>Llen\u00e1 este formulario y en breve te enviaremos nuestra lista y condiciones de venta y env\u00edos.<\/p>\n<p>[\/et_pb_text][et_pb_contact_form captcha=&#8221;off&#8221; email=&#8221;juguetes@laliebredemarzo.com&#8221; custom_message=&#8221;Consulta por lista de precios mayoristas&#8221; success_message=&#8221;Tu mensaje ya est\u00e1 en camino!&#8221; submit_button_text=&#8221;Envi\u00e1&#8221; form_background_color=&#8221;rgba(255,255,255,0.83)&#8221; module_id=&#8221;et_pb_contact_form_1&#8243; _builder_version=&#8221;3.8&#8243; title_font=&#8221;Source Sans Pro||||&#8221; title_text_color=&#8221;#726e6e&#8221; title_font_size=&#8221;18&#8243; form_field_font=&#8221;Source Sans Pro||||&#8221; form_field_text_color=&#8221;#007b82&#8243; form_field_font_size=&#8221;21px&#8221; border_radii=&#8221;on|3px|3px|3px|3px&#8221; custom_button=&#8221;on&#8221; button_text_size=&#8221;18&#8243; button_text_color=&#8221;#ffffff&#8221; button_bg_color=&#8221;rgba(14,163,118,0.51)&#8221; button_border_width=&#8221;2px&#8221; button_border_color=&#8221;#ffffff&#8221; button_border_radius=&#8221;15px&#8221; button_letter_spacing=&#8221;1px&#8221; button_font=&#8221;Montserrat||||&#8221; button_use_icon=&#8221;default&#8221; button_icon=&#8221;%%109%%&#8221; button_text_color_hover=&#8221;#ffffff&#8221; button_bg_color_hover=&#8221;rgba(19,244,218,0.51)&#8221; button_border_color_hover=&#8221;#ffffff&#8221; button_border_radius_hover=&#8221;15px&#8221; button_letter_spacing_hover=&#8221;2px&#8221; use_border_color=&#8221;off&#8221; border_color=&#8221;#ffffff&#8221; border_style=&#8221;solid&#8221; input_border_radius=&#8221;3&#8243;][et_pb_contact_field field_id=&#8221;Name&#8221; field_title=&#8221;Nombre&#8221; _builder_version=&#8221;3.0.105&#8243; border_radii=&#8221;on||||&#8221;][\/et_pb_contact_field][et_pb_contact_field field_id=&#8221;Email&#8221; field_title=&#8221;Email &#8221; field_type=&#8221;email&#8221; _builder_version=&#8221;3.0.105&#8243; border_radii=&#8221;on||||&#8221;][\/et_pb_contact_field][et_pb_contact_field field_id=&#8221;Message&#8221; field_title=&#8221;Contanos&#8230;&#8221; field_type=&#8221;text&#8221; _builder_version=&#8221;3.0.105&#8243; border_radii=&#8221;on||||&#8221;][\/et_pb_contact_field][et_pb_contact_field field_id=&#8221;Tel\u00e9fono&#8221; field_title=&#8221;Tel\u00e9fono&#8221; _builder_version=&#8221;3.0.105&#8243;][\/et_pb_contact_field][\/et_pb_contact_form][\/et_pb_column_inner][\/et_pb_row_inner][\/et_pb_column][\/et_pb_section][et_pb_section fb_built=&#8221;1&#8243; _builder_version=&#8221;3.0.106&#8243; background_color=&#8221;#3c3d41&#8243; custom_padding=&#8221;0px||0px|&#8221;][et_pb_row make_fullwidth=&#8221;on&#8221; custom_padding=&#8221;30px||30px|&#8221; padding_mobile=&#8221;on&#8221; column_padding_mobile=&#8221;on&#8221; parallax_method_1=&#8221;off&#8221; parallax_method_2=&#8221;off&#8221; parallax_method_3=&#8221;off&#8221; _builder_version=&#8221;3.0.47&#8243; background_size=&#8221;initial&#8221; background_position=&#8221;top_left&#8221; background_repeat=&#8221;repeat&#8221;][et_pb_column type=&#8221;1_2&#8243; _builder_version=&#8221;3.0.47&#8243; column_padding_mobile=&#8221;on&#8221; parallax=&#8221;off&#8221; parallax_method=&#8221;off&#8221;][et_pb_text _builder_version=&#8221;3.0.105&#8243; text_font=&#8221;Raleway|on|||&#8221; text_text_color=&#8221;#ffffff&#8221; text_font_size=&#8221;28&#8243; text_line_height=&#8221;1.4em&#8221; background_size=&#8221;initial&#8221; background_position=&#8221;top_left&#8221; background_repeat=&#8221;repeat&#8221; custom_margin=&#8221;||8px|&#8221; custom_css_main_element=&#8221;font-weight: 800;&#8221; use_border_color=&#8221;off&#8221; border_color=&#8221;#ffffff&#8221; border_style=&#8221;solid&#8221;]<img loading=\"lazy\" decoding=\"async\" class=\"wp-image-14919 alignnone size-medium\" src=\"http:\/\/laliebredemarzo.com\/wp\/wp-content\/uploads\/2018\/02\/logo_juguetespeque\u00f1o-300x135.png\" alt=\"\" width=\"300\" height=\"135\" srcset=\"https:\/\/laliebredemarzo.com\/juguetes\/wp-content\/uploads\/2018\/02\/logo_juguetespeque\u00f1o-300x135.png 300w, https:\/\/laliebredemarzo.com\/juguetes\/wp-content\/uploads\/2018\/02\/logo_juguetespeque\u00f1o-510x230.png 510w, https:\/\/laliebredemarzo.com\/juguetes\/wp-content\/uploads\/2018\/02\/logo_juguetespeque\u00f1o-768x346.png 768w, https:\/\/laliebredemarzo.com\/juguetes\/wp-content\/uploads\/2018\/02\/logo_juguetespeque\u00f1o-1024x462.png 1024w, https:\/\/laliebredemarzo.com\/juguetes\/wp-content\/uploads\/2018\/02\/logo_juguetespeque\u00f1o-1080x487.png 1080w, https:\/\/laliebredemarzo.com\/juguetes\/wp-content\/uploads\/2018\/02\/logo_juguetespeque\u00f1o.png 1200w\" sizes=\"(max-width: 300px) 100vw, 300px\" \/><br \/>\n[\/et_pb_text][\/et_pb_column][et_pb_column type=&#8221;1_4&#8243; _builder_version=&#8221;3.0.47&#8243; column_padding_mobile=&#8221;on&#8221; parallax=&#8221;off&#8221; parallax_method=&#8221;off&#8221;][et_pb_blurb title=&#8221;+54 294 4915229&#8243; image=&#8221;http:\/\/laliebredemarzo.com\/wp\/wp-content\/uploads\/2018\/03\/whassapp.png&#8221; image_max_width=&#8221;23%&#8221; content_max_width=&#8221;421px&#8221; _builder_version=&#8221;3.0.105&#8243; header_font=&#8221;|||on|||||&#8221; header_font_size=&#8221;18px&#8221; header_letter_spacing=&#8221;2px&#8221; text_orientation=&#8221;center&#8221; background_layout=&#8221;dark&#8221; max_width=&#8221;83%&#8221; custom_margin=&#8221;|||&#8221; custom_padding=&#8221;|||&#8221; custom_css_blurb_image=&#8221;padding-top: 0px;|| padding-right: 0px;|| padding-bottom:0|| px;|| padding-left: 00px;&#8221;]Contactate ya con nosotros!<br \/>\nEstamos esper\u00e1ndote!<br \/>\n[\/et_pb_blurb][\/et_pb_column][et_pb_column type=&#8221;1_4&#8243; _builder_version=&#8221;3.0.47&#8243; column_padding_mobile=&#8221;on&#8221; parallax=&#8221;off&#8221; parallax_method=&#8221;off&#8221;][et_pb_social_media_follow url_new_window=&#8221;off&#8221; _builder_version=&#8221;3.0.105&#8243; border_radii=&#8221;on|100%|100%|100%|100%&#8221; custom_css_main_element=&#8221;float:right;&#8221; link_shape=&#8221;circle&#8221;][et_pb_social_media_follow_network social_network=&#8221;facebook&#8221; url=&#8221;https:\/\/www.facebook.com\/laliebredemarzo\/&#8221; _builder_version=&#8221;3.0.105&#8243; background_color=&#8221;#3b5998&#8243; bg_color=&#8221;#3b5998&#8243; link_shape=&#8221;circle&#8221; follow_button=&#8221;off&#8221; url_new_window=&#8221;off&#8221;]facebook<br \/>\n[\/et_pb_social_media_follow_network][et_pb_social_media_follow_network social_network=&#8221;twitter&#8221; url=&#8221;https:\/\/twitter.com\/liebrejuguetes&#8221; _builder_version=&#8221;3.0.105&#8243; background_color=&#8221;#00aced&#8221; bg_color=&#8221;#00aced&#8221; link_shape=&#8221;circle&#8221; follow_button=&#8221;off&#8221; url_new_window=&#8221;off&#8221;]Twitter<br \/>\n[\/et_pb_social_media_follow_network][et_pb_social_media_follow_network social_network=&#8221;pinterest&#8221; url=&#8221;https:\/\/ar.pinterest.com\/laliebred\/la-liebre-de-marzo-bariloche&#8221; _builder_version=&#8221;3.0.105&#8243; background_color=&#8221;#cb2027&#8243; bg_color=&#8221;#cb2027&#8243; link_shape=&#8221;circle&#8221; follow_button=&#8221;off&#8221; url_new_window=&#8221;off&#8221;]Pinterest<br \/>\n[\/et_pb_social_media_follow_network][et_pb_social_media_follow_network social_network=&#8221;instagram&#8221; url=&#8221;https:\/\/www.instagram.com\/laliebredemarzobariloche\/&#8221; _builder_version=&#8221;3.0.105&#8243; background_color=&#8221;#ea2c59&#8243; link_shape=&#8221;circle&#8221; follow_button=&#8221;off&#8221; url_new_window=&#8221;off&#8221;]instagram[\/et_pb_social_media_follow_network][\/et_pb_social_media_follow][\/et_pb_column][\/et_pb_row][\/et_pb_section]<\/p>\n","protected":false},"excerpt":{"rendered":"<p>[et_pb_section fb_built=&#8221;1&#8243; admin_label=&#8221;Workshops and Events Section&#8221; _builder_version=&#8221;3.9&#8243; custom_padding=&#8221;0px||0px|&#8221;][et_pb_row make_fullwidth=&#8221;on&#8221; use_custom_gutter=&#8221;on&#8221; gutter_width=&#8221;0&#8243; custom_padding=&#8221;0px||0px|&#8221; custom_margin=&#8221;|||&#8221; make_equal=&#8221;on&#8221; background_color_2=&#8221;#ffffff&#8221; bg_img_1=&#8221;http:\/\/laliebredemarzo.com\/wp\/wp-content\/uploads\/2018\/06\/miniorista.jpg&#8221; background_repeat_2=&#8221;repeat&#8221; padding_top_2=&#8221;10%&#8221; padding_right_2=&#8221;5%&#8221; padding_bottom_2=&#8221;10%&#8221; padding_left_2=&#8221;5%&#8221; admin_label=&#8221;Studio Membership Area&#8221; _builder_version=&#8221;3.9&#8243; background_color=&#8221;#ffffff&#8221;][et_pb_column type=&#8221;2_3&#8243; _builder_version=&#8221;3.0.47&#8243; bg_img=&#8221;http:\/\/laliebredemarzo.com\/wp\/wp-content\/uploads\/2018\/06\/miniorista.jpg&#8221; parallax=&#8221;off&#8221; parallax_method=&#8221;on&#8221;][et_pb_divider show_divider=&#8221;off&#8221; height=&#8221;400px&#8221; _builder_version=&#8221;3.9&#8243; locked=&#8221;off&#8221;][\/et_pb_divider][\/et_pb_column][et_pb_column type=&#8221;1_3&#8243; _builder_version=&#8221;3.0.47&#8243; padding_bottom=&#8221;10%&#8221; padding_left=&#8221;5%&#8221; padding_right=&#8221;5%&#8221; padding_top=&#8221;10%&#8221; background_color=&#8221;#ffffff&#8221; parallax=&#8221;off&#8221; parallax_method=&#8221;on&#8221; background_repeat=&#8221;repeat&#8221;][et_pb_text admin_label=&#8221;Title&#8221; _builder_version=&#8221;3.15&#8243; header_font=&#8221;||||||||&#8221; header_2_font=&#8221;Poppins|600|||||||&#8221; header_2_font_size=&#8221;36px&#8221; header_2_line_height=&#8221;1.2em&#8221; animation_style=&#8221;fold&#8221; animation_direction=&#8221;left&#8221; animation_intensity_fold=&#8221;10%&#8221; animation_starting_opacity=&#8221;100%&#8221; [&hellip;]<\/p>\n","protected":false},"author":1,"featured_media":0,"parent":0,"menu_order":0,"comment_status":"closed","ping_status":"closed","template":"","meta":{"_et_pb_use_builder":"on","_et_pb_old_content":"","_et_gb_content_width":"","footnotes":""},"class_list":["post-15414","page","type-page","status-publish","hentry"],"_links":{"self":[{"href":"https:\/\/laliebredemarzo.com\/juguetes\/wp-json\/wp\/v2\/pages\/15414"}],"collection":[{"href":"https:\/\/laliebredemarzo.com\/juguetes\/wp-json\/wp\/v2\/pages"}],"about":[{"href":"https:\/\/laliebredemarzo.com\/juguetes\/wp-json\/wp\/v2\/types\/page"}],"author":[{"embeddable":true,"href":"https:\/\/laliebredemarzo.com\/juguetes\/wp-json\/wp\/v2\/users\/1"}],"replies":[{"embeddable":true,"href":"https:\/\/laliebredemarzo.com\/juguetes\/wp-json\/wp\/v2\/comments?post=15414"}],"version-history":[{"count":19,"href":"https:\/\/laliebredemarzo.com\/juguetes\/wp-json\/wp\/v2\/pages\/15414\/revisions"}],"predecessor-version":[{"id":15998,"href":"https:\/\/laliebredemarzo.com\/juguetes\/wp-json\/wp\/v2\/pages\/15414\/revisions\/15998"}],"wp:attachment":[{"href":"https:\/\/laliebredemarzo.com\/juguetes\/wp-json\/wp\/v2\/media?parent=15414"}],"curies":[{"name":"wp","href":"https:\/\/api.w.org\/{rel}","templated":true}]}}