{"id":15014,"date":"2018-02-27T10:55:00","date_gmt":"2018-02-27T10:55:00","guid":{"rendered":"http:\/\/laliebredemarzo.com\/wp\/?page_id=15014"},"modified":"2020-06-25T22:34:52","modified_gmt":"2020-06-25T22:34:52","slug":"los-juguetes","status":"publish","type":"page","link":"https:\/\/laliebredemarzo.com\/juguetes\/los-juguetes\/","title":{"rendered":"Los Juguetes"},"content":{"rendered":"<p>[et_pb_section fb_built=&#8221;1&#8243; fullwidth=&#8221;on&#8221; admin_label=&#8221;Header Section&#8221; _builder_version=&#8221;3.0.106&#8243; background_image=&#8221;http:\/\/laliebredemarzo.com\/wp\/wp-content\/uploads\/2018\/04\/caballitoheader.jpg&#8221; parallax=&#8221;on&#8221; custom_padding=&#8221;|||&#8221;][et_pb_fullwidth_header title=&#8221;NUESTROS JUGUETES&#8221; text_orientation=&#8221;center&#8221; header_fullscreen=&#8221;on&#8221; header_scroll_down=&#8221;on&#8221; scroll_down_icon=&#8221;%%2%%&#8221; scroll_down_icon_color=&#8221;#ffffff&#8221; button_one_text=&#8221;tenelos&#8221; button_one_url=&#8221;tienda.laliebredemarzo.com&#8221; background_overlay_color=&#8221;rgba(0,0,0,0)&#8221; content_max_width_last_edited=&#8221;off|desktop&#8221; admin_label=&#8221;Contents&#8221; _builder_version=&#8221;3.15&#8243; title_font=&#8221;Montserrat|300||on|||||&#8221; title_text_align=&#8221;center&#8221; title_font_size=&#8221;61px&#8221; title_font_size_tablet=&#8221;60px&#8221; title_font_size_phone=&#8221;40px&#8221; title_font_size_last_edited=&#8221;on|tablet&#8221; title_letter_spacing=&#8221;0.05em&#8221; title_line_height=&#8221;1.5em&#8221; title_text_shadow_style=&#8221;preset1&#8243; title_text_shadow_vertical_length=&#8221;0.04em&#8221; content_font=&#8221;Montserrat||||||||&#8221; content_font_size=&#8221;35px&#8221; content_line_height=&#8221;1.7em&#8221; subhead_font=&#8221;Montserrat|500|||||||&#8221; subhead_font_size=&#8221;32px&#8221; subhead_line_height=&#8221;1.9em&#8221; background_color=&#8221;rgba(255, 255, 255, 0)&#8221; parallax=&#8221;on&#8221; custom_button_one=&#8221;on&#8221; button_one_text_size=&#8221;21px&#8221; button_one_bg_color=&#8221;rgba(255,255,255,0.15)&#8221; button_one_border_width=&#8221;2px&#8221; button_one_border_color=&#8221;#ffffff&#8221; button_one_border_radius=&#8221;8px&#8221; button_one_letter_spacing=&#8221;3px&#8221; button_one_font=&#8221;Montserrat|||on|||||&#8221; button_one_icon=&#8221;%%20%%&#8221; button_one_bg_color_hover=&#8221;rgba(255,255,255,0.45)&#8221; button_one_border_color_hover=&#8221;#ffffff&#8221; button_one_border_radius_hover=&#8221;8px&#8221; button_one_letter_spacing_hover=&#8221;11px&#8221; animation_style=&#8221;fade&#8221; animation_starting_opacity=&#8221;50%&#8221; animation_speed_curve=&#8221;ease-in&#8221;][\/et_pb_fullwidth_header][\/et_pb_section][et_pb_section fb_built=&#8221;1&#8243; admin_label=&#8221;Best Beans&#8221; _builder_version=&#8221;3.2.2&#8243; background_color=&#8221;#d9f9f9&#8243; background_color_gradient_direction=&#8221;90deg&#8221; custom_padding=&#8221;0px|0px|0px|0px&#8221;][et_pb_row make_fullwidth=&#8221;on&#8221; use_custom_gutter=&#8221;on&#8221; gutter_width=&#8221;1&#8243; custom_padding=&#8221;0px|0px|0px|0px&#8221; custom_margin=&#8221;|||&#8221; make_equal=&#8221;on&#8221; bg_img_2=&#8221;http:\/\/laliebredemarzo.com\/wp\/wp-content\/uploads\/2018\/05\/DSC_0522.jpg&#8221; background_blend_2=&#8221;overlay&#8221; padding_top_1=&#8221;100px&#8221; padding_right_1=&#8221;10%&#8221; padding_bottom_1=&#8221;100px&#8221; padding_left_1=&#8221;10%&#8221; admin_label=&#8221;Best Beans Row&#8221; _builder_version=&#8221;3.2.2&#8243;][et_pb_column type=&#8221;1_2&#8243; _builder_version=&#8221;3.0.47&#8243; padding_bottom=&#8221;100px&#8221; padding_left=&#8221;10%&#8221; padding_right=&#8221;10%&#8221; padding_top=&#8221;100px&#8221; parallax=&#8221;off&#8221; parallax_method=&#8221;on&#8221;][et_pb_text _builder_version=&#8221;3.2.2&#8243; text_font=&#8221;Montserrat|600|||||||&#8221; text_text_color=&#8221;#14e08b&#8221;]<\/p>\n<h4><span style=\"color: #33cccc; font-size: xx-large;\">Seguridad<\/span><\/h4>\n<p>[\/et_pb_text][et_pb_text admin_label=&#8221;Tittle&#8221; _builder_version=&#8221;3.2.2&#8243; text_font=&#8221;Montserrat||||||||&#8221; text_font_size=&#8221;18px&#8221; text_line_height=&#8221;1.8em&#8221; header_font=&#8221;Montserrat||||||||&#8221; header_text_align=&#8221;center&#8221; header_3_font=&#8221;Oswald|||on|||||&#8221; header_3_font_size=&#8221;42px&#8221; header_3_letter_spacing=&#8221;2px&#8221; header_3_line_height=&#8221;1.5em&#8221; max_width=&#8221;600px&#8221; max_width_last_edited=&#8221;on|phone&#8221; module_alignment=&#8221;left&#8221; custom_margin=&#8221;|||&#8221; locked=&#8221;off&#8221;]<\/p>\n<p> <span>Nuestros Juguetes cumplen con los requisitos de seguridad para los ni\u00f1os de las normas<\/span><br \/> <span>&#8220;IRAM-MERCOSUR NM 300-1:2002&#8221;<\/span><br \/> <span>Certificado n\u00ba DC\/QF-F-030\/01EJ<\/span><span class=\"text_exposed_show\"><br \/> Tambi\u00e9n elegimos utilizar madera de cultivo, por ser \u00e9sta un recurso renovable, pinturas no toxicas como indican las normas, y procesos de fabricaci\u00f3n amigables con el medio ambiente.<\/span><\/p>\n<p>[\/et_pb_text][\/et_pb_column][et_pb_column type=&#8221;1_2&#8243; _builder_version=&#8221;3.0.47&#8243; bg_img=&#8221;http:\/\/laliebredemarzo.com\/wp\/wp-content\/uploads\/2018\/05\/DSC_0522.jpg&#8221; parallax=&#8221;off&#8221; parallax_method=&#8221;on&#8221; background_blend=&#8221;overlay&#8221;][\/et_pb_column][\/et_pb_row][\/et_pb_section][et_pb_section fb_built=&#8221;1&#8243; admin_label=&#8221;Coffee Menu&#8221; _builder_version=&#8221;3.0.106&#8243; custom_padding=&#8221;1px||1px||false|false&#8221;][et_pb_row custom_padding=&#8221;40px|0px|40px|0px&#8221; admin_label=&#8221;Section Header&#8221; _builder_version=&#8221;3.2.2&#8243; border_style_all=&#8221;groove&#8221; module_alignment=&#8221;center&#8221;][et_pb_column type=&#8221;4_4&#8243; _builder_version=&#8221;3.0.47&#8243; parallax=&#8221;off&#8221; parallax_method=&#8221;on&#8221;][et_pb_text admin_label=&#8221;Tittle&#8221; _builder_version=&#8221;3.9&#8243; text_font=&#8221;Montserrat||||||||&#8221; text_font_size=&#8221;6px&#8221; text_line_height=&#8221;1.8em&#8221; header_font=&#8221;||||||||&#8221; header_font_size=&#8221;54px&#8221; header_2_font=&#8221;Oswald|||on|||||&#8221; header_2_text_align=&#8221;center&#8221; header_2_font_size=&#8221;40px&#8221; header_2_letter_spacing=&#8221;1px&#8221; header_2_line_height=&#8221;1.5em&#8221; header_3_font=&#8221;||||||||&#8221; max_width=&#8221;600px&#8221; max_width_last_edited=&#8221;off|desktop&#8221; module_alignment=&#8221;center&#8221; custom_margin=&#8221;|||&#8221; inline_fonts=&#8221;Montserrat&#8221;]<\/p>\n<h1 style=\"text-align: center;\"><span style=\"font-family: Montserrat; color: #33cccc;\">CU\u00c1L JUGUETE?<\/span><\/h1>\n<p>[\/et_pb_text][et_pb_text disabled_on=&#8221;off|off|off&#8221; admin_label=&#8221;Subtittle&#8221; _builder_version=&#8221;3.0.106&#8243; text_font=&#8221;Nunito||||||||&#8221; text_font_size=&#8221;27px&#8221; text_font_size_last_edited=&#8221;on|phone&#8221; text_line_height=&#8221;1.8em&#8221; header_font=&#8221;Oswald||||&#8221; header_font_size=&#8221;16px&#8221; header_letter_spacing=&#8221;2px&#8221; text_orientation=&#8221;center&#8221; max_width=&#8221;600px&#8221; max_width_last_edited=&#8221;on|phone&#8221; module_alignment=&#8221;center&#8221; custom_margin=&#8221;-30px|||&#8221; custom_padding=&#8221;-21|||&#8221;]Hay juguetes para acompa\u00f1ar a los ni\u00f1os en cada una de sus etapas evolutivas&#8230;<br \/>\n[\/et_pb_text][\/et_pb_column][\/et_pb_row][et_pb_row custom_padding=&#8221;0|0px|60px|0px&#8221; custom_margin=&#8221;|||&#8221; admin_label=&#8221;Coffee items&#8221; _builder_version=&#8221;3.0.106&#8243;][et_pb_column type=&#8221;1_4&#8243; _builder_version=&#8221;3.0.47&#8243; parallax=&#8221;off&#8221; parallax_method=&#8221;on&#8221;][et_pb_blurb title=&#8221;Veh\u00edculos&#8221; image=&#8221;http:\/\/laliebredemarzo.com\/wp\/wp-content\/uploads\/2018\/04\/grua4_web.jpg&#8221; image_max_width=&#8221;280px&#8221; admin_label=&#8221;coffee Item&#8221; _builder_version=&#8221;3.2.2&#8243; header_font=&#8221;Montserrat|600||on|||||&#8221; header_text_align=&#8221;center&#8221; header_text_color=&#8221;#f9c300&#8243; header_font_size=&#8221;20px&#8221; header_letter_spacing=&#8221;1px&#8221; body_font=&#8221;Nunito||||&#8221; body_text_align=&#8221;center&#8221; body_font_size=&#8221;16px&#8221; text_orientation=&#8221;center&#8221; animation=&#8221;off&#8221;]Duraderos y originales, estos veh\u00edculos ser\u00e1n compa\u00f1eros toda la infancia.<br \/>\n[\/et_pb_blurb][et_pb_button button_url=&#8221;http:\/\/laliebredemarzo.com\/wp\/vehiculos\/&#8221; url_new_window=&#8221;on&#8221; button_text=&#8221;Ir&#8221; button_alignment=&#8221;center&#8221; _builder_version=&#8221;3.2.2&#8243; custom_button=&#8221;on&#8221; button_text_size=&#8221;17px&#8221; button_text_color=&#8221;#ffffff&#8221; button_bg_color=&#8221;#13d3c3&#8243; button_border_radius=&#8221;13px&#8221; button_font=&#8221;||||||||&#8221; box_shadow_style=&#8221;preset2&#8243; box_shadow_horizontal=&#8221;2px&#8221; box_shadow_vertical=&#8221;2px&#8221; box_shadow_blur=&#8221;10px&#8221; box_shadow_spread=&#8221;-2px&#8221; background_layout=&#8221;dark&#8221; custom_margin=&#8221;-45px|||&#8221; custom_padding=&#8221;7px|||&#8221;][\/et_pb_button][\/et_pb_column][et_pb_column type=&#8221;1_4&#8243; _builder_version=&#8221;3.0.47&#8243; parallax=&#8221;off&#8221; parallax_method=&#8221;on&#8221;][et_pb_blurb title=&#8221;De Arrastre&#8221; image=&#8221;http:\/\/laliebredemarzo.com\/wp\/wp-content\/uploads\/2018\/04\/liebre2_web.jpg&#8221; image_max_width=&#8221;280px&#8221; admin_label=&#8221;coffee Item&#8221; _builder_version=&#8221;3.2.2&#8243; header_font=&#8221;Montserrat|600||on|||||&#8221; header_text_align=&#8221;center&#8221; header_text_color=&#8221;#f9c300&#8243; header_font_size=&#8221;20px&#8221; header_letter_spacing=&#8221;1px&#8221; body_font=&#8221;Nunito||||&#8221; body_text_align=&#8221;center&#8221; body_font_size=&#8221;16px&#8221; text_orientation=&#8221;center&#8221; custom_margin=&#8221;31px|||&#8221; animation=&#8221;off&#8221;]A partir de los 12 meses, estos juguetes acompa\u00f1an al ni\u00f1o en sus primeros pasos.<br \/>\n[\/et_pb_blurb][et_pb_button button_url=&#8221;http:\/\/laliebredemarzo.com\/wp\/de-arrastre\/&#8221; url_new_window=&#8221;on&#8221; button_text=&#8221;Ir&#8221; button_alignment=&#8221;center&#8221; _builder_version=&#8221;3.2.2&#8243; custom_button=&#8221;on&#8221; button_text_size=&#8221;17px&#8221; button_text_color=&#8221;#ffffff&#8221; button_bg_color=&#8221;#13d3c3&#8243; button_border_radius=&#8221;13px&#8221; button_font=&#8221;||||||||&#8221; box_shadow_style=&#8221;preset2&#8243; box_shadow_horizontal=&#8221;2px&#8221; box_shadow_vertical=&#8221;2px&#8221; box_shadow_blur=&#8221;10px&#8221; box_shadow_spread=&#8221;-2px&#8221; background_layout=&#8221;dark&#8221; custom_margin=&#8221;-27px|||&#8221; custom_padding=&#8221;7px|||&#8221;][\/et_pb_button][\/et_pb_column][et_pb_column type=&#8221;1_4&#8243; _builder_version=&#8221;3.0.47&#8243; parallax=&#8221;off&#8221; parallax_method=&#8221;on&#8221;][et_pb_blurb title=&#8221;Para Armar&#8221; image=&#8221;http:\/\/laliebredemarzo.com\/wp\/wp-content\/uploads\/2018\/03\/estrella.jpg&#8221; image_max_width=&#8221;280px&#8221; admin_label=&#8221;coffee Item&#8221; _builder_version=&#8221;3.2.2&#8243; header_font=&#8221;Montserrat|600||on|||||&#8221; header_text_align=&#8221;center&#8221; header_text_color=&#8221;#f9c300&#8243; header_font_size=&#8221;20px&#8221; header_letter_spacing=&#8221;1px&#8221; body_font=&#8221;Nunito||||&#8221; body_text_align=&#8221;center&#8221; body_font_size=&#8221;16px&#8221; text_orientation=&#8221;center&#8221; custom_margin=&#8221;17px|||&#8221; animation=&#8221;off&#8221;]Rompecabezas para las diferentes etapas evolutivas.<br \/>\n[\/et_pb_blurb][et_pb_button button_url=&#8221;http:\/\/laliebredemarzo.com\/wp\/para-armar\/&#8221; url_new_window=&#8221;on&#8221; button_text=&#8221;Ir&#8221; button_alignment=&#8221;center&#8221; _builder_version=&#8221;3.2.2&#8243; custom_button=&#8221;on&#8221; button_text_size=&#8221;17px&#8221; button_text_color=&#8221;#ffffff&#8221; button_bg_color=&#8221;#13d3c3&#8243; button_border_radius=&#8221;13px&#8221; button_font=&#8221;||||||||&#8221; box_shadow_style=&#8221;preset2&#8243; box_shadow_horizontal=&#8221;2px&#8221; box_shadow_vertical=&#8221;2px&#8221; box_shadow_blur=&#8221;10px&#8221; box_shadow_spread=&#8221;-2px&#8221; background_layout=&#8221;dark&#8221; custom_margin=&#8221;8px|||&#8221; custom_padding=&#8221;7px|||&#8221;][\/et_pb_button][\/et_pb_column][et_pb_column type=&#8221;1_4&#8243; _builder_version=&#8221;3.0.47&#8243; parallax=&#8221;off&#8221; parallax_method=&#8221;on&#8221;][et_pb_blurb title=&#8221;Din\u00e1micos&#8221; image=&#8221;http:\/\/laliebredemarzo.com\/wp\/wp-content\/uploads\/2018\/03\/trompo.jpg&#8221; image_max_width=&#8221;280px&#8221; admin_label=&#8221;coffee Item&#8221; _builder_version=&#8221;3.2.2&#8243; header_font=&#8221;Montserrat|600||on|||||&#8221; header_text_align=&#8221;center&#8221; header_text_color=&#8221;#f9c300&#8243; header_font_size=&#8221;20px&#8221; header_letter_spacing=&#8221;1px&#8221; body_font=&#8221;Nunito||||&#8221; body_text_align=&#8221;center&#8221; body_font_size=&#8221;16px&#8221; text_orientation=&#8221;center&#8221; custom_margin=&#8221;11px|||&#8221; animation=&#8221;off&#8221;]Jugando y jugando, estimulan las diferentes capacidades motrices y visuales del ni\u00f1o.<br \/>\n[\/et_pb_blurb][et_pb_button button_url=&#8221;http:\/\/laliebredemarzo.com\/wp\/dinamicos\/&#8221; url_new_window=&#8221;on&#8221; button_text=&#8221;Ir&#8221; button_alignment=&#8221;center&#8221; _builder_version=&#8221;3.2.2&#8243; custom_button=&#8221;on&#8221; button_text_size=&#8221;17px&#8221; button_text_color=&#8221;#ffffff&#8221; button_bg_color=&#8221;#13d3c3&#8243; button_border_radius=&#8221;13px&#8221; button_font=&#8221;||||||||&#8221; box_shadow_style=&#8221;preset2&#8243; box_shadow_horizontal=&#8221;2px&#8221; box_shadow_vertical=&#8221;2px&#8221; box_shadow_blur=&#8221;10px&#8221; box_shadow_spread=&#8221;-2px&#8221; background_layout=&#8221;dark&#8221; custom_margin=&#8221;-7px|||&#8221; custom_padding=&#8221;7px|||&#8221;][\/et_pb_button][\/et_pb_column][\/et_pb_row][\/et_pb_section][et_pb_section fb_built=&#8221;1&#8243; admin_label=&#8221;Great Coffee&#8221; _builder_version=&#8221;3.2.2&#8243; background_color=&#8221;#e2d4c0&#8243; background_image=&#8221;http:\/\/laliebredemarzo.com\/wp\/wp-content\/uploads\/2018\/05\/novedades.jpg&#8221; parallax=&#8221;on&#8221; custom_margin=&#8221;|||&#8221; custom_padding=&#8221;10%|0px|10%|0px&#8221;][et_pb_row make_fullwidth=&#8221;on&#8221; custom_padding=&#8221;|||&#8221; _builder_version=&#8221;3.2.2&#8243;][et_pb_column type=&#8221;1_2&#8243; _builder_version=&#8221;3.0.47&#8243; parallax=&#8221;off&#8221; parallax_method=&#8221;on&#8221;][\/et_pb_column][et_pb_column type=&#8221;1_2&#8243; _builder_version=&#8221;3.0.47&#8243; parallax=&#8221;off&#8221; parallax_method=&#8221;on&#8221;][et_pb_text _builder_version=&#8221;3.9&#8243; text_font=&#8221;Montserrat||||||||&#8221; text_text_color=&#8221;#ffffff&#8221; text_font_size=&#8221;46px&#8221; header_font=&#8221;||||||||&#8221; header_text_align=&#8221;center&#8221; header_font_size=&#8221;29px&#8221; header_2_font=&#8221;||||||||&#8221; header_2_font_size=&#8221;7px&#8221; header_3_font=&#8221;||||||||&#8221; header_6_font=&#8221;||||||||&#8221; header_6_font_size=&#8221;9px&#8221;]<\/p>\n<p style=\"text-align: right;\">Novedades!<\/p>\n<p>[\/et_pb_text][et_pb_text _builder_version=&#8221;3.9&#8243; text_font=&#8221;Montserrat||||||||&#8221; text_text_color=&#8221;#ffffff&#8221; text_font_size=&#8221;20px&#8221; text_line_height=&#8221;1em&#8221; text_line_height_last_edited=&#8221;on|tablet&#8221; header_font=&#8221;||||||||&#8221; header_text_align=&#8221;center&#8221; text_orientation=&#8221;center&#8221;]<\/p>\n<p style=\"text-align: right;\">Nos encanta y entusiasma<\/p>\n<p style=\"text-align: right;\">lanzar nuevos juguetes!<\/p>\n<p>[\/et_pb_text][et_pb_button button_url=&#8221;tienda.laliebredemarzo.com&#8221; url_new_window=&#8221;on&#8221; button_text=&#8221;Ir a la tienda!&#8221; button_alignment=&#8221;left&#8221; _builder_version=&#8221;3.15&#8243; custom_button=&#8221;on&#8221; button_text_size=&#8221;19px&#8221; button_text_color=&#8221;#ffffff&#8221; button_bg_color=&#8221;rgba(13,221,190,0.73)&#8221; button_border_width=&#8221;2px&#8221; button_border_color=&#8221;#ffffff&#8221; button_border_radius=&#8221;24px&#8221; button_letter_spacing=&#8221;2px&#8221; button_font=&#8221;Montserrat|500||on|||||&#8221; button_icon=&#8221;%%114%%&#8221; button_text_color_hover=&#8221;#ffffff&#8221; button_bg_color_hover=&#8221;#ccdddc&#8221; button_border_color_hover=&#8221;#ffffff&#8221; button_letter_spacing_hover=&#8221;6px&#8221; button_text_shadow_style=&#8221;preset1&#8243; button_text_shadow_vertical_length=&#8221;0.13em&#8221; box_shadow_style=&#8221;preset2&#8243; custom_margin=&#8221;54px|||137px&#8221; animation_style=&#8221;fade&#8221; global_module=&#8221;15543&#8243; saved_tabs=&#8221;all&#8221; locked=&#8221;off&#8221;][\/et_pb_button][\/et_pb_column][\/et_pb_row][\/et_pb_section][et_pb_section fb_built=&#8221;1&#8243; _builder_version=&#8221;3.0.105&#8243; background_color=&#8221;#3c3d41&#8243; custom_padding=&#8221;0px||0px|&#8221;][et_pb_row make_fullwidth=&#8221;on&#8221; custom_padding=&#8221;30px||30px|&#8221; padding_mobile=&#8221;on&#8221; column_padding_mobile=&#8221;on&#8221; parallax_method_1=&#8221;off&#8221; parallax_method_2=&#8221;off&#8221; parallax_method_3=&#8221;off&#8221; _builder_version=&#8221;3.0.47&#8243; background_size=&#8221;initial&#8221; background_position=&#8221;top_left&#8221; background_repeat=&#8221;repeat&#8221;][et_pb_column type=&#8221;1_2&#8243; _builder_version=&#8221;3.0.47&#8243; column_padding_mobile=&#8221;on&#8221; parallax=&#8221;off&#8221; parallax_method=&#8221;off&#8221;][et_pb_text _builder_version=&#8221;3.0.105&#8243; text_font=&#8221;Raleway|on|||&#8221; text_text_color=&#8221;#ffffff&#8221; text_font_size=&#8221;28&#8243; text_line_height=&#8221;1.4em&#8221; background_size=&#8221;initial&#8221; background_position=&#8221;top_left&#8221; background_repeat=&#8221;repeat&#8221; custom_margin=&#8221;||8px|&#8221; custom_css_main_element=&#8221;font-weight: 800;&#8221; use_border_color=&#8221;off&#8221; border_color=&#8221;#ffffff&#8221; border_style=&#8221;solid&#8221;]<\/p>\n<p><img loading=\"lazy\" decoding=\"async\" src=\"http:\/\/laliebredemarzo.com\/wp\/wp-content\/uploads\/2018\/02\/logo_juguetespeque\u00f1o-300x135.png\" width=\"300\" height=\"135\" alt=\"\" class=\"wp-image-14919 alignnone size-medium\" srcset=\"https:\/\/laliebredemarzo.com\/juguetes\/wp-content\/uploads\/2018\/02\/logo_juguetespeque\u00f1o-300x135.png 300w, https:\/\/laliebredemarzo.com\/juguetes\/wp-content\/uploads\/2018\/02\/logo_juguetespeque\u00f1o-510x230.png 510w, https:\/\/laliebredemarzo.com\/juguetes\/wp-content\/uploads\/2018\/02\/logo_juguetespeque\u00f1o-768x346.png 768w, https:\/\/laliebredemarzo.com\/juguetes\/wp-content\/uploads\/2018\/02\/logo_juguetespeque\u00f1o-1024x462.png 1024w, https:\/\/laliebredemarzo.com\/juguetes\/wp-content\/uploads\/2018\/02\/logo_juguetespeque\u00f1o-1080x487.png 1080w, https:\/\/laliebredemarzo.com\/juguetes\/wp-content\/uploads\/2018\/02\/logo_juguetespeque\u00f1o.png 1200w\" sizes=\"(max-width: 300px) 100vw, 300px\" \/><\/p>\n<p>[\/et_pb_text][\/et_pb_column][et_pb_column type=&#8221;1_4&#8243; _builder_version=&#8221;3.0.47&#8243; column_padding_mobile=&#8221;on&#8221; parallax=&#8221;off&#8221; parallax_method=&#8221;off&#8221;][et_pb_blurb title=&#8221;+54 294 4915229&#8243; image=&#8221;http:\/\/laliebredemarzo.com\/wp\/wp-content\/uploads\/2018\/03\/whassapp.png&#8221; image_max_width=&#8221;23%&#8221; content_max_width=&#8221;421px&#8221; _builder_version=&#8221;3.0.105&#8243; header_font=&#8221;|||on|||||&#8221; header_font_size=&#8221;18px&#8221; header_letter_spacing=&#8221;2px&#8221; text_orientation=&#8221;center&#8221; background_layout=&#8221;dark&#8221; max_width=&#8221;83%&#8221; custom_margin=&#8221;|||&#8221; custom_padding=&#8221;|||&#8221; custom_css_blurb_image=&#8221;padding-top: 0px;||    padding-right: 0px;||    padding-bottom:0||      px;||    padding-left: 00px;&#8221;]<\/p>\n<p>Contactate ya con nosotros!<br \/> Estamos esper\u00e1ndote!<\/p>\n<p>[\/et_pb_blurb][\/et_pb_column][et_pb_column type=&#8221;1_4&#8243; _builder_version=&#8221;3.0.47&#8243; column_padding_mobile=&#8221;on&#8221; parallax=&#8221;off&#8221; parallax_method=&#8221;off&#8221;][et_pb_social_media_follow url_new_window=&#8221;off&#8221; _builder_version=&#8221;3.0.105&#8243; border_radii=&#8221;on|100%|100%|100%|100%&#8221; custom_css_main_element=&#8221;float:right;&#8221; link_shape=&#8221;circle&#8221;][et_pb_social_media_follow_network social_network=&#8221;facebook&#8221; url=&#8221;https:\/\/www.facebook.com\/laliebredemarzo\/&#8221; _builder_version=&#8221;3.0.105&#8243; background_color=&#8221;#3b5998&#8243; bg_color=&#8221;#3b5998&#8243; link_shape=&#8221;circle&#8221; follow_button=&#8221;off&#8221; url_new_window=&#8221;off&#8221;]<\/p>\n<p>facebook<\/p>\n<p>[\/et_pb_social_media_follow_network][et_pb_social_media_follow_network social_network=&#8221;twitter&#8221; url=&#8221;https:\/\/twitter.com\/liebrejuguetes&#8221; _builder_version=&#8221;3.0.105&#8243; background_color=&#8221;#00aced&#8221; bg_color=&#8221;#00aced&#8221; link_shape=&#8221;circle&#8221; follow_button=&#8221;off&#8221; url_new_window=&#8221;off&#8221;]<\/p>\n<p>Twitter<\/p>\n<p>[\/et_pb_social_media_follow_network][et_pb_social_media_follow_network social_network=&#8221;pinterest&#8221; url=&#8221;https:\/\/ar.pinterest.com\/laliebred\/la-liebre-de-marzo-bariloche&#8221; _builder_version=&#8221;3.0.105&#8243; background_color=&#8221;#cb2027&#8243; bg_color=&#8221;#cb2027&#8243; link_shape=&#8221;circle&#8221; follow_button=&#8221;off&#8221; url_new_window=&#8221;off&#8221;]<\/p>\n<p>Pinterest<\/p>\n<p>[\/et_pb_social_media_follow_network][et_pb_social_media_follow_network social_network=&#8221;instagram&#8221; url=&#8221;https:\/\/www.instagram.com\/laliebredemarzobariloche\/&#8221; _builder_version=&#8221;3.0.105&#8243; background_color=&#8221;#ea2c59&#8243; link_shape=&#8221;circle&#8221; follow_button=&#8221;off&#8221; url_new_window=&#8221;off&#8221;]instagram[\/et_pb_social_media_follow_network][\/et_pb_social_media_follow][\/et_pb_column][\/et_pb_row][\/et_pb_section]<\/p>\n","protected":false},"excerpt":{"rendered":"<p>[et_pb_section fb_built=&#8221;1&#8243; fullwidth=&#8221;on&#8221; admin_label=&#8221;Header Section&#8221; _builder_version=&#8221;3.0.106&#8243; background_image=&#8221;http:\/\/laliebredemarzo.com\/wp\/wp-content\/uploads\/2018\/04\/caballitoheader.jpg&#8221; parallax=&#8221;on&#8221; custom_padding=&#8221;|||&#8221;][et_pb_fullwidth_header title=&#8221;NUESTROS JUGUETES&#8221; text_orientation=&#8221;center&#8221; header_fullscreen=&#8221;on&#8221; header_scroll_down=&#8221;on&#8221; scroll_down_icon=&#8221;%%2%%&#8221; scroll_down_icon_color=&#8221;#ffffff&#8221; button_one_text=&#8221;tenelos&#8221; button_one_url=&#8221;tienda.laliebredemarzo.com&#8221; background_overlay_color=&#8221;rgba(0,0,0,0)&#8221; content_max_width_last_edited=&#8221;off|desktop&#8221; admin_label=&#8221;Contents&#8221; _builder_version=&#8221;3.15&#8243; title_font=&#8221;Montserrat|300||on|||||&#8221; title_text_align=&#8221;center&#8221; title_font_size=&#8221;61px&#8221; title_font_size_tablet=&#8221;60px&#8221; title_font_size_phone=&#8221;40px&#8221; title_font_size_last_edited=&#8221;on|tablet&#8221; title_letter_spacing=&#8221;0.05em&#8221; title_line_height=&#8221;1.5em&#8221; title_text_shadow_style=&#8221;preset1&#8243; title_text_shadow_vertical_length=&#8221;0.04em&#8221; content_font=&#8221;Montserrat||||||||&#8221; content_font_size=&#8221;35px&#8221; content_line_height=&#8221;1.7em&#8221; subhead_font=&#8221;Montserrat|500|||||||&#8221; subhead_font_size=&#8221;32px&#8221; subhead_line_height=&#8221;1.9em&#8221; background_color=&#8221;rgba(255, 255, 255, 0)&#8221; parallax=&#8221;on&#8221; custom_button_one=&#8221;on&#8221; button_one_text_size=&#8221;21px&#8221; button_one_bg_color=&#8221;rgba(255,255,255,0.15)&#8221; button_one_border_width=&#8221;2px&#8221; button_one_border_color=&#8221;#ffffff&#8221; button_one_border_radius=&#8221;8px&#8221; button_one_letter_spacing=&#8221;3px&#8221; button_one_font=&#8221;Montserrat|||on|||||&#8221; button_one_icon=&#8221;%%20%%&#8221; button_one_bg_color_hover=&#8221;rgba(255,255,255,0.45)&#8221; button_one_border_color_hover=&#8221;#ffffff&#8221; button_one_border_radius_hover=&#8221;8px&#8221; [&hellip;]<\/p>\n","protected":false},"author":1,"featured_media":0,"parent":0,"menu_order":0,"comment_status":"closed","ping_status":"closed","template":"","meta":{"_et_pb_use_builder":"on","_et_pb_old_content":"","_et_gb_content_width":"","footnotes":""},"class_list":["post-15014","page","type-page","status-publish","hentry"],"_links":{"self":[{"href":"https:\/\/laliebredemarzo.com\/juguetes\/wp-json\/wp\/v2\/pages\/15014"}],"collection":[{"href":"https:\/\/laliebredemarzo.com\/juguetes\/wp-json\/wp\/v2\/pages"}],"about":[{"href":"https:\/\/laliebredemarzo.com\/juguetes\/wp-json\/wp\/v2\/types\/page"}],"author":[{"embeddable":true,"href":"https:\/\/laliebredemarzo.com\/juguetes\/wp-json\/wp\/v2\/users\/1"}],"replies":[{"embeddable":true,"href":"https:\/\/laliebredemarzo.com\/juguetes\/wp-json\/wp\/v2\/comments?post=15014"}],"version-history":[{"count":24,"href":"https:\/\/laliebredemarzo.com\/juguetes\/wp-json\/wp\/v2\/pages\/15014\/revisions"}],"predecessor-version":[{"id":16004,"href":"https:\/\/laliebredemarzo.com\/juguetes\/wp-json\/wp\/v2\/pages\/15014\/revisions\/16004"}],"wp:attachment":[{"href":"https:\/\/laliebredemarzo.com\/juguetes\/wp-json\/wp\/v2\/media?parent=15014"}],"curies":[{"name":"wp","href":"https:\/\/api.w.org\/{rel}","templated":true}]}}