{"id":15012,"date":"2018-02-27T10:54:37","date_gmt":"2018-02-27T10:54:37","guid":{"rendered":"http:\/\/laliebredemarzo.com\/wp\/?page_id=15012"},"modified":"2018-07-11T10:51:10","modified_gmt":"2018-07-11T10:51:10","slug":"filosofia","status":"publish","type":"page","link":"https:\/\/laliebredemarzo.com\/juguetes\/filosofia\/","title":{"rendered":"Filosof\u00eda"},"content":{"rendered":"<p>[et_pb_section fb_built=&#8221;1&#8243; fullwidth=&#8221;on&#8221; admin_label=&#8221;Header Section&#8221; _builder_version=&#8221;3.0.85&#8243; background_color=&#8221;#000000&#8243; custom_padding=&#8221;0px|0px|0|0px&#8221; locked=&#8221;off&#8221;][et_pb_fullwidth_header title=&#8221;nosotros&#8221; subhead=&#8221;Te invitamos a conocer c\u00f3mo nacen los juguetes &#8221; text_orientation=&#8221;center&#8221; scroll_down_icon_color=&#8221;#ffffff&#8221; background_overlay_color=&#8221;rgba(0,0,0,0.4)&#8221; content_max_width_last_edited=&#8221;off|desktop&#8221; admin_label=&#8221;Contents&#8221; _builder_version=&#8221;3.2&#8243; title_font=&#8221;Montserrat|300||on|||||&#8221; title_text_align=&#8221;center&#8221; title_font_size=&#8221;80px&#8221; title_font_size_tablet=&#8221;60px&#8221; title_font_size_phone=&#8221;40px&#8221; title_font_size_last_edited=&#8221;on|phone&#8221; title_letter_spacing=&#8221;0.05em&#8221; title_line_height=&#8221;1.5em&#8221; content_font=&#8221;||||||||&#8221; content_font_size=&#8221;15px&#8221; content_line_height=&#8221;1.7em&#8221; subhead_font=&#8221;Nunito|600|||||||&#8221; subhead_font_size=&#8221;24px&#8221; subhead_line_height=&#8221;1.9em&#8221; background_color=&#8221;rgba(255, 255, 255, 0)&#8221; background_image=&#8221;http:\/\/laliebredemarzo.com\/wp\/wp-content\/uploads\/2018\/02\/slide2header-1.jpg&#8221; parallax=&#8221;on&#8221; parallax_method=&#8221;on&#8221; custom_button_one=&#8221;on&#8221; button_one_text_size=&#8221;15px&#8221; button_one_bg_color=&#8221;#dca57d&#8221; button_one_border_width=&#8221;10px&#8221; button_one_border_color=&#8221;#dca57d&#8221; button_one_border_radius=&#8221;0px&#8221; button_one_letter_spacing=&#8221;3px&#8221; button_one_font=&#8221;Oswald|||on|&#8221; button_one_use_icon=&#8221;off&#8221; button_one_bg_color_hover=&#8221;#c99872&#8243; button_one_border_color_hover=&#8221;#c99872&#8243; button_one_border_radius_hover=&#8221;0px&#8221; button_one_letter_spacing_hover=&#8221;3px&#8221; custom_margin=&#8221;|||&#8221; custom_padding=&#8221;5%||5%|&#8221; animation_style=&#8221;fade&#8221; animation_starting_opacity=&#8221;50%&#8221; animation_speed_curve=&#8221;ease-in&#8221; text_shadow_style=&#8221;preset1&#8243; custom_css_main_element=&#8221;height: 90vh&#8221;][\/et_pb_fullwidth_header][\/et_pb_section][et_pb_section fb_built=&#8221;1&#8243; admin_label=&#8221;Features&#8221; _builder_version=&#8221;3.0.85&#8243; custom_padding=&#8221;37px|0px|1px|0px&#8221;][et_pb_row custom_padding=&#8221;|||&#8221; admin_label=&#8221;Section Header&#8221; _builder_version=&#8221;3.0.80&#8243; module_alignment=&#8221;center&#8221;][et_pb_column type=&#8221;4_4&#8243; _builder_version=&#8221;3.0.47&#8243; parallax=&#8221;off&#8221; parallax_method=&#8221;on&#8221;][et_pb_text disabled_on=&#8221;off|off|off&#8221; admin_label=&#8221;Subtittle&#8221; _builder_version=&#8221;3.0.106&#8243; text_font=&#8221;Montserrat||||||||&#8221; text_text_color=&#8221;#787070&#8243; text_font_size=&#8221;21px&#8221; text_font_size_last_edited=&#8221;on|desktop&#8221; text_line_height=&#8221;1.8em&#8221; header_font=&#8221;Oswald||||&#8221; header_font_size=&#8221;16px&#8221; header_letter_spacing=&#8221;2px&#8221; header_line_height=&#8221;1.7em&#8221; text_orientation=&#8221;center&#8221; max_width=&#8221;600px&#8221; max_width_last_edited=&#8221;on|phone&#8221; module_alignment=&#8221;center&#8221; custom_margin=&#8221;-30px|||&#8221; animation_style=&#8221;slide&#8221;]Nuestro proyecto naci\u00f3 del deseo de querer hacer para nuestros hijos, juguetes que por su sencillez los ayudaran a desarrollar su fantas\u00eda creadora.<br \/>\nQue fueran \u00fanicos y con una intenci\u00f3n hacia ellos. Quisimos transmitir el valor de los objetos hechos con el cari\u00f1o y cuidado que ponemos en ellos, y lograr de este modo, que pasen de una generaci\u00f3n a otra, sin perder ese esp\u00edritu.<br \/>\n[\/et_pb_text][\/et_pb_column][\/et_pb_row][\/et_pb_section][et_pb_section fb_built=&#8221;1&#8243; specialty=&#8221;on&#8221; background_color_1=&#8221;rgba(255,255,255,0.78)&#8221; padding_top_1=&#8221;60px&#8221; padding_right_1=&#8221;40px&#8221; padding_bottom_1=&#8221;60px&#8221; padding_left_1=&#8221;40px&#8221; admin_label=&#8221;Video &#038; Info&#8221; _builder_version=&#8221;3.0.106&#8243; background_image=&#8221;http:\/\/laliebredemarzo.com\/wp\/wp-content\/uploads\/2018\/02\/slide3header.jpg&#8221; parallax=&#8221;on&#8221; custom_padding=&#8221;150px|0px|150px|0px&#8221;][et_pb_column type=&#8221;1_2&#8243; _builder_version=&#8221;3.0.47&#8243; padding_bottom=&#8221;60px&#8221; padding_left=&#8221;40px&#8221; padding_right=&#8221;40px&#8221; padding_top=&#8221;60px&#8221; background_color=&#8221;rgba(255,255,255,0.78)&#8221; parallax=&#8221;off&#8221; parallax_method=&#8221;on&#8221;][et_pb_text admin_label=&#8221;Tittle&#8221; _builder_version=&#8221;3.0.106&#8243; text_font=&#8221;Montserrat||||||||&#8221; text_text_color=&#8221;#787070&#8243; header_font=&#8221;Montserrat||||||||&#8221; header_2_font=&#8221;Oswald|||on|||||&#8221; header_2_text_align=&#8221;center&#8221; header_2_font_size=&#8221;40px&#8221; header_2_letter_spacing=&#8221;1px&#8221; header_2_line_height=&#8221;1.5em&#8221; max_width=&#8221;600px&#8221; module_alignment=&#8221;center&#8221; custom_padding=&#8221;|||&#8221; animation_style=&#8221;bounce&#8221; inline_fonts=&#8221;Montserrat&#8221;]<\/p>\n<h2><strong><span style=\"font-family: Montserrat;\">Hechos para durar<\/span><\/strong><\/h2>\n<p>[\/et_pb_text][et_pb_text disabled_on=&#8221;off|off|off&#8221; admin_label=&#8221;Subtittle&#8221; _builder_version=&#8221;3.0.106&#8243; text_font=&#8221;Montserrat||||||||&#8221; text_text_color=&#8221;#564f4f&#8221; text_font_size=&#8221;18px&#8221; text_line_height=&#8221;1.8em&#8221; header_font=&#8221;Oswald||||&#8221; header_font_size=&#8221;16px&#8221; header_letter_spacing=&#8221;2px&#8221; header_line_height=&#8221;1.7em&#8221; text_orientation=&#8221;center&#8221; max_width=&#8221;600px&#8221; max_width_last_edited=&#8221;on|phone&#8221; module_alignment=&#8221;center&#8221; custom_margin=&#8221;|||&#8221; animation_style=&#8221;bounce&#8221; animation_delay=&#8221;100ms&#8221; locked=&#8221;off&#8221;]Desde el a\u00f1o 2007 los dise\u00f1amos y fabricamos para otros ni\u00f1os buscando que sean durables y que no se rompan f\u00e1cilmente, para que puedan acompa\u00f1arlos a lo largo de toda su infancia en las diferentes etapas evolutivas, con la intenci\u00f3n de que sean atesorados y trasciendan generaciones.<br \/>\n[\/et_pb_text][\/et_pb_column][et_pb_column type=&#8221;1_2&#8243; specialty_columns=&#8221;2&#8243; _builder_version=&#8221;3.0.47&#8243; parallax=&#8221;off&#8221; parallax_method=&#8221;on&#8221;][\/et_pb_column][\/et_pb_section][et_pb_section fb_built=&#8221;1&#8243; fullwidth=&#8221;on&#8221; _builder_version=&#8221;3.0.106&#8243;][et_pb_fullwidth_header title=&#8221;C\u00d3MO LOS FABRICAMOS&#8221; text_orientation=&#8221;center&#8221; _builder_version=&#8221;3.9&#8243; title_font=&#8221;Montserrat|700|||||||&#8221; title_font_size=&#8221;40px&#8221; content_font=&#8221;Montserrat||||||||&#8221; content_font_size=&#8221;61px&#8221; background_color=&#8221;rgba(255, 255, 255, 0)&#8221; background_layout=&#8221;light&#8221; animation_style=&#8221;slide&#8221; animation_delay=&#8221;500ms&#8221; inline_fonts=&#8221;Montserrat&#8221; title_line_height=&#8221;1.3em&#8221; title_text_align=&#8221;center&#8221;]<span style=\"font-family: Montserrat; font-weight: normal; font-size: large;\">Para su producci\u00f3n contamos con dise\u00f1o y maquinado asistido por computadora a trav\u00e9s de sistemas CAD\/CAM y otras m\u00e1quina\/herramientas en nuestro propio taller.<\/span><br \/>\n<span style=\"font-family: Montserrat; font-weight: normal; font-size: large;\"> Actualmente abastecemos a tiendas en todo el pa\u00eds, Instituciones educativas, y a nuestros propios puntos de venta locales.<\/span><br \/>\n[\/et_pb_fullwidth_header][et_pb_fullwidth_image _builder_version=&#8221;3.0.106&#8243;][\/et_pb_fullwidth_image][et_pb_fullwidth_image _builder_version=&#8221;3.9&#8243; background_video_mp4=&#8221;http:\/\/laliebredemarzo.com\/wp\/wp-content\/uploads\/2018\/04\/DSC_0153slow.mp4&#8243; background_video_webm=&#8221;http:\/\/laliebredemarzo.com\/wp\/wp-content\/uploads\/2018\/04\/DSC_0153slow1-1.webm&#8221; animation_style=&#8221;fade&#8221; animation_duration=&#8221;1150ms&#8221; custom_css_main_element=&#8221;height: 100vh||&#8221; background_image=&#8221;https:\/\/laliebredemarzo.com\/juguetes\/wp-content\/uploads\/2018\/07\/DSC_0153.jpg&#8221;][\/et_pb_fullwidth_image][\/et_pb_section][et_pb_section fb_built=&#8221;1&#8243; admin_label=&#8221;Gallery Section&#8221; _builder_version=&#8221;3.9&#8243; background_color=&#8221;#999999&#8243; use_background_color_gradient=&#8221;on&#8221; background_color_gradient_end=&#8221;#0bb7b7&#8243; background_image=&#8221;http:\/\/laliebredemarzo.com\/wp\/wp-content\/uploads\/2018\/03\/backdoble.png&#8221; background_blend=&#8221;multiply&#8221; custom_padding=&#8221;28px|0px|0|0px&#8221; top_divider_height=&#8221;72px&#8221; top_divider_arrangement=&#8221;above_content&#8221;][et_pb_row custom_padding=&#8221;|||&#8221; admin_label=&#8221;Section Header&#8221; _builder_version=&#8221;3.0.80&#8243; module_alignment=&#8221;center&#8221; locked=&#8221;off&#8221;][et_pb_column type=&#8221;4_4&#8243; _builder_version=&#8221;3.0.47&#8243; parallax=&#8221;off&#8221; parallax_method=&#8221;on&#8221;][et_pb_text admin_label=&#8221;Tittle&#8221; _builder_version=&#8221;3.9&#8243; text_font=&#8221;Montserrat||||||||&#8221; header_font=&#8221;Montserrat||||||||&#8221; header_text_color=&#8221;#ffffff&#8221; header_2_font=&#8221;Oswald|||on|||||&#8221; header_2_text_align=&#8221;center&#8221; header_2_font_size=&#8221;40px&#8221; header_2_letter_spacing=&#8221;1px&#8221; header_2_line_height=&#8221;1.5em&#8221; max_width=&#8221;600px&#8221; module_alignment=&#8221;center&#8221; animation_style=&#8221;bounce&#8221; animation_duration=&#8221;1300ms&#8221; animation_delay=&#8221;1350ms&#8221; inline_fonts=&#8221;Montserrat&#8221;]<\/p>\n<h2><span style=\"color: #ffffff;\"><strong><span style=\"font-family: Montserrat;\">As\u00ed los hacemos<\/span><\/strong><\/span><\/h2>\n<p>[\/et_pb_text][et_pb_text disabled_on=&#8221;off|off|off&#8221; admin_label=&#8221;Subtittle&#8221; _builder_version=&#8221;3.9&#8243; text_font=&#8221;Montserrat||||||||&#8221; text_text_color=&#8221;#787070&#8243; text_font_size=&#8221;20px&#8221; text_line_height=&#8221;1.8em&#8221; header_font=&#8221;Oswald||||&#8221; header_font_size=&#8221;16px&#8221; header_letter_spacing=&#8221;2px&#8221; header_line_height=&#8221;1.7em&#8221; text_orientation=&#8221;center&#8221; max_width=&#8221;600px&#8221; max_width_last_edited=&#8221;on|phone&#8221; module_alignment=&#8221;center&#8221; custom_margin=&#8221;-30px|||&#8221; animation_style=&#8221;slide&#8221; animation_delay=&#8221;1450ms&#8221;]<span style=\"color: #ffffff;\">Utilizamos madera y subproductos derivados, pinturas no toxicas y no contaminantes, nuestro proceso de fabricaci\u00f3n es amigable con el medio ambiente.<\/span><br \/>\n[\/et_pb_text][\/et_pb_column][\/et_pb_row][et_pb_row use_custom_width=&#8221;on&#8221; custom_width_px=&#8221;1440px&#8221; use_custom_gutter=&#8221;on&#8221; gutter_width=&#8221;2&#8243; custom_padding=&#8221;|||&#8221; _builder_version=&#8221;3.0.85&#8243;][et_pb_column type=&#8221;1_2&#8243; _builder_version=&#8221;3.0.47&#8243; parallax=&#8221;off&#8221; parallax_method=&#8221;on&#8221;][et_pb_image src=&#8221;http:\/\/laliebredemarzo.com\/wp\/wp-content\/uploads\/2018\/04\/taller2.jpg&#8221; show_in_lightbox=&#8221;on&#8221; use_overlay=&#8221;on&#8221; overlay_icon_color=&#8221;#000000&#8243; hover_overlay_color=&#8221;rgba(255,255,255,0.2)&#8221; hover_icon=&#8221;%%43%%&#8221; force_fullwidth=&#8221;on&#8221; _builder_version=&#8221;3.9&#8243; border_radii=&#8221;on|20px|20px|20px|20px&#8221; animation_style=&#8221;fade&#8221;][\/et_pb_image][\/et_pb_column][et_pb_column type=&#8221;1_4&#8243; _builder_version=&#8221;3.0.47&#8243; parallax=&#8221;off&#8221; parallax_method=&#8221;on&#8221;][et_pb_image src=&#8221;http:\/\/laliebredemarzo.com\/wp\/wp-content\/uploads\/2018\/04\/taller1.jpg&#8221; show_in_lightbox=&#8221;on&#8221; use_overlay=&#8221;on&#8221; overlay_icon_color=&#8221;#000000&#8243; hover_overlay_color=&#8221;rgba(255,255,255,0.2)&#8221; hover_icon=&#8221;%%43%%&#8221; force_fullwidth=&#8221;on&#8221; _builder_version=&#8221;3.9&#8243; border_radii=&#8221;on|20px|20px|20px|20px&#8221; custom_margin=&#8221;||12%|&#8221; animation_style=&#8221;fade&#8221;][\/et_pb_image][et_pb_image src=&#8221;http:\/\/laliebredemarzo.com\/wp\/wp-content\/uploads\/2018\/04\/100_5881.jpg&#8221; show_in_lightbox=&#8221;on&#8221; use_overlay=&#8221;on&#8221; overlay_icon_color=&#8221;#000000&#8243; hover_overlay_color=&#8221;rgba(255,255,255,0.2)&#8221; hover_icon=&#8221;%%43%%&#8221; force_fullwidth=&#8221;on&#8221; _builder_version=&#8221;3.9&#8243; border_radii=&#8221;on|20px|20px|20px|20px&#8221; custom_margin=&#8221;||12%|&#8221; animation_style=&#8221;fade&#8221;][\/et_pb_image][\/et_pb_column][et_pb_column type=&#8221;1_4&#8243; _builder_version=&#8221;3.0.47&#8243; parallax=&#8221;off&#8221; parallax_method=&#8221;on&#8221;][et_pb_image src=&#8221;http:\/\/laliebredemarzo.com\/wp\/wp-content\/uploads\/2018\/04\/100_5880.jpg&#8221; show_in_lightbox=&#8221;on&#8221; use_overlay=&#8221;on&#8221; overlay_icon_color=&#8221;#000000&#8243; hover_overlay_color=&#8221;rgba(255,255,255,0.2)&#8221; hover_icon=&#8221;%%43%%&#8221; force_fullwidth=&#8221;on&#8221; _builder_version=&#8221;3.9&#8243; border_radii=&#8221;on|20px|20px|20px|20px&#8221; custom_margin=&#8221;||12%|&#8221; animation_style=&#8221;fade&#8221;][\/et_pb_image][et_pb_image src=&#8221;http:\/\/laliebredemarzo.com\/wp\/wp-content\/uploads\/2018\/04\/100_5875.jpg&#8221; show_in_lightbox=&#8221;on&#8221; use_overlay=&#8221;on&#8221; overlay_icon_color=&#8221;#000000&#8243; hover_overlay_color=&#8221;rgba(255,255,255,0.2)&#8221; hover_icon=&#8221;%%43%%&#8221; force_fullwidth=&#8221;on&#8221; _builder_version=&#8221;3.9&#8243; border_radii=&#8221;on|20px|20px|20px|20px&#8221; custom_margin=&#8221;||12%|&#8221; animation_style=&#8221;fade&#8221;][\/et_pb_image][\/et_pb_column][\/et_pb_row][et_pb_row custom_padding=&#8221;0px|0px|0px|0px&#8221; admin_label=&#8221;Gallery Row&#8221; _builder_version=&#8221;3.0.78&#8243;][et_pb_column type=&#8221;4_4&#8243; _builder_version=&#8221;3.0.47&#8243; parallax=&#8221;off&#8221; parallax_method=&#8221;on&#8221;][et_pb_image _builder_version=&#8221;3.0.80&#8243;][\/et_pb_image][\/et_pb_column][\/et_pb_row][\/et_pb_section][et_pb_section fb_built=&#8221;1&#8243; fullwidth=&#8221;on&#8221; admin_label=&#8221;Header Section&#8221; _builder_version=&#8221;3.9&#8243; background_color=&#8221;#000000&#8243; custom_padding=&#8221;0px|0px|0|0px&#8221; custom_css_main_element=&#8221;height 100vh&#8221; locked=&#8221;off&#8221;][et_pb_fullwidth_header title=&#8221;Conoc\u00e9 nuestros juguetes&#8221; text_orientation=&#8221;center&#8221; header_fullscreen=&#8221;on&#8221; scroll_down_icon_color=&#8221;#ffffff&#8221; button_one_text=&#8221;clicke\u00e1 aqu\u00ed&#8221; button_one_url=&#8221;http:\/\/laliebredemarzo.com\/wp\/los-juguetes\/&#8221; background_overlay_color=&#8221;rgba(0,0,0,0.4)&#8221; content_max_width_last_edited=&#8221;off|desktop&#8221; admin_label=&#8221;Contents&#8221; _builder_version=&#8221;3.9&#8243; title_font=&#8221;Montserrat|300||on|||||&#8221; title_text_align=&#8221;center&#8221; title_font_size=&#8221;63px&#8221; title_font_size_tablet=&#8221;60px&#8221; title_font_size_phone=&#8221;40px&#8221; title_font_size_last_edited=&#8221;on|phone&#8221; title_letter_spacing=&#8221;0.05em&#8221; title_line_height=&#8221;1.5em&#8221; content_font=&#8221;||||||||&#8221; content_font_size=&#8221;15px&#8221; content_line_height=&#8221;1.7em&#8221; subhead_font=&#8221;Nunito|600|||||||&#8221; subhead_font_size=&#8221;24px&#8221; subhead_line_height=&#8221;1.9em&#8221; background_color=&#8221;rgba(255,255,255,0)&#8221; background_image=&#8221;http:\/\/laliebredemarzo.com\/wp\/wp-content\/uploads\/2018\/06\/portada.jpg&#8221; parallax=&#8221;on&#8221; parallax_method=&#8221;on&#8221; custom_button_one=&#8221;on&#8221; button_one_text_size=&#8221;22px&#8221; button_one_text_color=&#8221;#ffffff&#8221; button_one_bg_color=&#8221;#68b791&#8243; button_one_border_width=&#8221;3px&#8221; button_one_border_color=&#8221;#ffffff&#8221; button_one_border_radius=&#8221;22px&#8221; button_one_letter_spacing=&#8221;3px&#8221; button_one_font=&#8221;Montserrat|||on|||||&#8221; button_one_icon=&#8221;%%20%%&#8221; button_one_bg_color_hover=&#8221;#6ec1b1&#8243; button_one_border_color_hover=&#8221;#ffffff&#8221; button_one_border_radius_hover=&#8221;22px&#8221; button_one_letter_spacing_hover=&#8221;11px&#8221; custom_margin=&#8221;|||&#8221; custom_padding=&#8221;5%||5%|&#8221; animation_style=&#8221;fade&#8221; animation_starting_opacity=&#8221;50%&#8221; animation_speed_curve=&#8221;ease-in&#8221; text_shadow_style=&#8221;preset1&#8243; custom_css_main_element=&#8221;height: 90vh&#8221;][\/et_pb_fullwidth_header][\/et_pb_section][et_pb_section fb_built=&#8221;1&#8243; _builder_version=&#8221;3.2.2&#8243; background_color=&#8221;#3c3d41&#8243; custom_padding=&#8221;0px||0px|&#8221; global_module=&#8221;15585&#8243;][et_pb_row make_fullwidth=&#8221;on&#8221; custom_padding=&#8221;30px||30px|&#8221; padding_mobile=&#8221;on&#8221; column_padding_mobile=&#8221;on&#8221; parallax_method_1=&#8221;off&#8221; parallax_method_2=&#8221;off&#8221; parallax_method_3=&#8221;off&#8221; _builder_version=&#8221;3.9&#8243; background_size=&#8221;initial&#8221; background_position=&#8221;top_left&#8221; background_repeat=&#8221;repeat&#8221; module_alignment=&#8221;center&#8221;][et_pb_column type=&#8221;1_2&#8243; _builder_version=&#8221;3.0.47&#8243; column_padding_mobile=&#8221;on&#8221; parallax=&#8221;off&#8221; parallax_method=&#8221;off&#8221;][et_pb_text _builder_version=&#8221;3.0.105&#8243; text_font=&#8221;Raleway|on|||&#8221; text_text_color=&#8221;#ffffff&#8221; text_font_size=&#8221;28&#8243; text_line_height=&#8221;1.4em&#8221; background_size=&#8221;initial&#8221; background_position=&#8221;top_left&#8221; background_repeat=&#8221;repeat&#8221; custom_margin=&#8221;||8px|&#8221; custom_css_main_element=&#8221;font-weight: 800;&#8221; use_border_color=&#8221;off&#8221; border_color=&#8221;#ffffff&#8221; border_style=&#8221;solid&#8221;]<\/p>\n<p><img loading=\"lazy\" decoding=\"async\" class=\"wp-image-14919 alignnone size-medium\" src=\"http:\/\/laliebredemarzo.com\/wp\/wp-content\/uploads\/2018\/02\/logo_juguetespeque\u00f1o-300x135.png\" alt=\"\" width=\"300\" height=\"135\" srcset=\"https:\/\/laliebredemarzo.com\/juguetes\/wp-content\/uploads\/2018\/02\/logo_juguetespeque\u00f1o-300x135.png 300w, https:\/\/laliebredemarzo.com\/juguetes\/wp-content\/uploads\/2018\/02\/logo_juguetespeque\u00f1o-510x230.png 510w, https:\/\/laliebredemarzo.com\/juguetes\/wp-content\/uploads\/2018\/02\/logo_juguetespeque\u00f1o-768x346.png 768w, https:\/\/laliebredemarzo.com\/juguetes\/wp-content\/uploads\/2018\/02\/logo_juguetespeque\u00f1o-1024x462.png 1024w, https:\/\/laliebredemarzo.com\/juguetes\/wp-content\/uploads\/2018\/02\/logo_juguetespeque\u00f1o-1080x487.png 1080w, https:\/\/laliebredemarzo.com\/juguetes\/wp-content\/uploads\/2018\/02\/logo_juguetespeque\u00f1o.png 1200w\" sizes=\"(max-width: 300px) 100vw, 300px\" \/><\/p>\n<p>[\/et_pb_text][\/et_pb_column][et_pb_column type=&#8221;1_4&#8243; _builder_version=&#8221;3.0.47&#8243; column_padding_mobile=&#8221;on&#8221; parallax=&#8221;off&#8221; parallax_method=&#8221;off&#8221;][et_pb_blurb title=&#8221;+54 294 4915229&#8243; image=&#8221;http:\/\/laliebredemarzo.com\/wp\/wp-content\/uploads\/2018\/03\/whassapp.png&#8221; image_max_width=&#8221;23%&#8221; content_max_width=&#8221;421px&#8221; _builder_version=&#8221;3.0.105&#8243; header_font=&#8221;|||on|||||&#8221; header_font_size=&#8221;18px&#8221; header_letter_spacing=&#8221;2px&#8221; text_orientation=&#8221;center&#8221; background_layout=&#8221;dark&#8221; max_width=&#8221;83%&#8221; custom_margin=&#8221;|||&#8221; custom_padding=&#8221;|||&#8221; custom_css_blurb_image=&#8221;padding-top: 0px;|| padding-right: 0px;|| padding-bottom:0|| px;|| padding-left: 00px;&#8221;]<\/p>\n<p>Contactate ya con nosotros!<br \/>Estamos esper\u00e1ndote!<\/p>\n<p>[\/et_pb_blurb][\/et_pb_column][et_pb_column type=&#8221;1_4&#8243; _builder_version=&#8221;3.0.47&#8243; column_padding_mobile=&#8221;on&#8221; parallax=&#8221;off&#8221; parallax_method=&#8221;off&#8221;][et_pb_social_media_follow url_new_window=&#8221;off&#8221; _builder_version=&#8221;3.0.105&#8243; border_radii=&#8221;on|100%|100%|100%|100%&#8221; custom_css_main_element=&#8221;float:right;&#8221; link_shape=&#8221;circle&#8221;][et_pb_social_media_follow_network social_network=&#8221;facebook&#8221; url=&#8221;https:\/\/www.facebook.com\/laliebredemarzo\/&#8221; _builder_version=&#8221;3.0.105&#8243; background_color=&#8221;#3b5998&#8243; bg_color=&#8221;#3b5998&#8243; link_shape=&#8221;circle&#8221; follow_button=&#8221;off&#8221; url_new_window=&#8221;off&#8221;]facebook[\/et_pb_social_media_follow_network][et_pb_social_media_follow_network social_network=&#8221;twitter&#8221; url=&#8221;https:\/\/twitter.com\/liebrejuguetes&#8221; _builder_version=&#8221;3.0.105&#8243; background_color=&#8221;#00aced&#8221; bg_color=&#8221;#00aced&#8221; link_shape=&#8221;circle&#8221; follow_button=&#8221;off&#8221; url_new_window=&#8221;off&#8221;]Twitter[\/et_pb_social_media_follow_network][et_pb_social_media_follow_network social_network=&#8221;pinterest&#8221; url=&#8221;https:\/\/ar.pinterest.com\/laliebred\/la-liebre-de-marzo-bariloche&#8221; _builder_version=&#8221;3.0.105&#8243; background_color=&#8221;#cb2027&#8243; bg_color=&#8221;#cb2027&#8243; link_shape=&#8221;circle&#8221; follow_button=&#8221;off&#8221; url_new_window=&#8221;off&#8221;]Pinterest[\/et_pb_social_media_follow_network][et_pb_social_media_follow_network social_network=&#8221;instagram&#8221; url=&#8221;https:\/\/www.instagram.com\/laliebredemarzobariloche\/&#8221; _builder_version=&#8221;3.0.105&#8243; background_color=&#8221;#ea2c59&#8243; link_shape=&#8221;circle&#8221; follow_button=&#8221;off&#8221; url_new_window=&#8221;off&#8221;]instagram[\/et_pb_social_media_follow_network][\/et_pb_social_media_follow][\/et_pb_column][\/et_pb_row][\/et_pb_section]<\/p>\n","protected":false},"excerpt":{"rendered":"<p>[et_pb_section fb_built=&#8221;1&#8243; fullwidth=&#8221;on&#8221; admin_label=&#8221;Header Section&#8221; _builder_version=&#8221;3.0.85&#8243; background_color=&#8221;#000000&#8243; custom_padding=&#8221;0px|0px|0|0px&#8221; locked=&#8221;off&#8221;][et_pb_fullwidth_header title=&#8221;nosotros&#8221; subhead=&#8221;Te invitamos a conocer c\u00f3mo nacen los juguetes &#8221; text_orientation=&#8221;center&#8221; scroll_down_icon_color=&#8221;#ffffff&#8221; background_overlay_color=&#8221;rgba(0,0,0,0.4)&#8221; content_max_width_last_edited=&#8221;off|desktop&#8221; admin_label=&#8221;Contents&#8221; _builder_version=&#8221;3.2&#8243; title_font=&#8221;Montserrat|300||on|||||&#8221; title_text_align=&#8221;center&#8221; title_font_size=&#8221;80px&#8221; title_font_size_tablet=&#8221;60px&#8221; title_font_size_phone=&#8221;40px&#8221; title_font_size_last_edited=&#8221;on|phone&#8221; title_letter_spacing=&#8221;0.05em&#8221; title_line_height=&#8221;1.5em&#8221; content_font=&#8221;||||||||&#8221; content_font_size=&#8221;15px&#8221; content_line_height=&#8221;1.7em&#8221; subhead_font=&#8221;Nunito|600|||||||&#8221; subhead_font_size=&#8221;24px&#8221; subhead_line_height=&#8221;1.9em&#8221; background_color=&#8221;rgba(255, 255, 255, 0)&#8221; background_image=&#8221;http:\/\/laliebredemarzo.com\/wp\/wp-content\/uploads\/2018\/02\/slide2header-1.jpg&#8221; parallax=&#8221;on&#8221; parallax_method=&#8221;on&#8221; custom_button_one=&#8221;on&#8221; button_one_text_size=&#8221;15px&#8221; button_one_bg_color=&#8221;#dca57d&#8221; button_one_border_width=&#8221;10px&#8221; button_one_border_color=&#8221;#dca57d&#8221; button_one_border_radius=&#8221;0px&#8221; button_one_letter_spacing=&#8221;3px&#8221; button_one_font=&#8221;Oswald|||on|&#8221; button_one_use_icon=&#8221;off&#8221; [&hellip;]<\/p>\n","protected":false},"author":1,"featured_media":0,"parent":0,"menu_order":0,"comment_status":"closed","ping_status":"closed","template":"","meta":{"_et_pb_use_builder":"on","_et_pb_old_content":"","_et_gb_content_width":"","footnotes":""},"class_list":["post-15012","page","type-page","status-publish","hentry"],"_links":{"self":[{"href":"https:\/\/laliebredemarzo.com\/juguetes\/wp-json\/wp\/v2\/pages\/15012"}],"collection":[{"href":"https:\/\/laliebredemarzo.com\/juguetes\/wp-json\/wp\/v2\/pages"}],"about":[{"href":"https:\/\/laliebredemarzo.com\/juguetes\/wp-json\/wp\/v2\/types\/page"}],"author":[{"embeddable":true,"href":"https:\/\/laliebredemarzo.com\/juguetes\/wp-json\/wp\/v2\/users\/1"}],"replies":[{"embeddable":true,"href":"https:\/\/laliebredemarzo.com\/juguetes\/wp-json\/wp\/v2\/comments?post=15012"}],"version-history":[{"count":30,"href":"https:\/\/laliebredemarzo.com\/juguetes\/wp-json\/wp\/v2\/pages\/15012\/revisions"}],"predecessor-version":[{"id":15850,"href":"https:\/\/laliebredemarzo.com\/juguetes\/wp-json\/wp\/v2\/pages\/15012\/revisions\/15850"}],"wp:attachment":[{"href":"https:\/\/laliebredemarzo.com\/juguetes\/wp-json\/wp\/v2\/media?parent=15012"}],"curies":[{"name":"wp","href":"https:\/\/api.w.org\/{rel}","templated":true}]}}